{"id":32,"date":"2026-03-10T14:29:28","date_gmt":"2026-03-10T14:29:28","guid":{"rendered":"https:\/\/franksennerconsulting.com\/impressum\/"},"modified":"2026-03-17T09:50:21","modified_gmt":"2026-03-17T09:50:21","slug":"impressum","status":"publish","type":"page","link":"https:\/\/franksennerconsulting.com\/en\/impressum\/","title":{"rendered":"Imprint"},"content":{"rendered":"<div class=\"wp-block-group alignfull is-style-ext-preset--group--natural-1--section has-background-background-color has-background has-global-padding is-layout-constrained wp-container-core-group-is-layout-6150fac0 wp-block-group-is-layout-constrained\" style=\"margin-top:0;margin-bottom:0;padding-top:var(--wp--preset--spacing--70);padding-bottom:var(--wp--preset--spacing--70)\">\n<p class=\"ext-animate--on\"><strong>Important Notice:\nThis imprint template has been created with the utmost care. However, we do not guarantee the completeness, accuracy, or legal validity of the content. It is the user\u2019s responsibility to adapt the template to the applicable legal requirements and to ensure it is up to date. Any liability for damages arising directly or indirectly from the use of this template is excluded.<\/strong> <br><br> <strong>Website operator:<\/strong><br> Frank Senner Consulting<br> Quellenstrasse 41A<br> 4310 Rheinfelden<br> Switzerland<br><br> <strong>Contact information:<\/strong><br> Phone: +41 78 908 6342<br> Email: frank.senner@franksennerconsulting.com<br> Website: franksennerconsulting.com<br><br> <strong>Authorized representative:<\/strong><br> Frank Senner<br> Managing Director<br><br> <strong>Company registration:<\/strong><br> Register court: Commercial Register Office of the Canton of Aargau<br> Commercial register number: CHE-217.998.202<br> VAT identification number pursuant to \u00a7 27a German VAT Act: CHE-217.998.202 MWST<br><br> <strong>Last updated:<\/strong><br> 13.03.2026<\/p>\n<\/div>","protected":false},"excerpt":{"rendered":"<p>Wichtiger Hinweis: Diese Impressum-Vorlage wurde mit gr\u00f6\u00dfter Sorgfalt erstellt. Dennoch \u00fcbernehmen wir keine Gew\u00e4hr f\u00fcr die Vollst\u00e4ndigkeit und Richtigkeit der Inhalte sowie f\u00fcr deren Rechtssicherheit. Es liegt in der Verantwortung des Nutzers, die Vorlage eigenst\u00e4ndig an die jeweils geltenden gesetzlichen Bestimmungen anzupassen und auf ihre Aktualit\u00e4t zu pr\u00fcfen. Eine Haftung f\u00fcr Sch\u00e4den, die direkt oder [&hellip;]<\/p>\n","protected":false},"author":1,"featured_media":0,"parent":0,"menu_order":0,"comment_status":"closed","ping_status":"closed","template":"page-with-title","meta":{"footnotes":""},"class_list":["post-32","page","type-page","status-publish","hentry"],"_links":{"self":[{"href":"https:\/\/franksennerconsulting.com\/en\/wp-json\/wp\/v2\/pages\/32","targetHints":{"allow":["GET"]}}],"collection":[{"href":"https:\/\/franksennerconsulting.com\/en\/wp-json\/wp\/v2\/pages"}],"about":[{"href":"https:\/\/franksennerconsulting.com\/en\/wp-json\/wp\/v2\/types\/page"}],"author":[{"embeddable":true,"href":"https:\/\/franksennerconsulting.com\/en\/wp-json\/wp\/v2\/users\/1"}],"replies":[{"embeddable":true,"href":"https:\/\/franksennerconsulting.com\/en\/wp-json\/wp\/v2\/comments?post=32"}],"version-history":[{"count":15,"href":"https:\/\/franksennerconsulting.com\/en\/wp-json\/wp\/v2\/pages\/32\/revisions"}],"predecessor-version":[{"id":131,"href":"https:\/\/franksennerconsulting.com\/en\/wp-json\/wp\/v2\/pages\/32\/revisions\/131"}],"wp:attachment":[{"href":"https:\/\/franksennerconsulting.com\/en\/wp-json\/wp\/v2\/media?parent=32"}],"curies":[{"name":"wp","href":"https:\/\/api.w.org\/{rel}","templated":true}]}}