{"id":28,"date":"2026-03-10T14:29:20","date_gmt":"2026-03-10T14:29:20","guid":{"rendered":"https:\/\/franksennerconsulting.com\/team\/"},"modified":"2026-03-17T10:02:28","modified_gmt":"2026-03-17T10:02:28","slug":"team","status":"publish","type":"page","link":"https:\/\/franksennerconsulting.com\/en\/team\/","title":{"rendered":"Team"},"content":{"rendered":"<div class=\"wp-block-group alignfull is-style-ext-preset--group--natural-1--section has-background-background-color has-background has-global-padding is-layout-constrained wp-container-core-group-is-layout-6714b1d7 wp-block-group-is-layout-constrained\" id=\"about\" style=\"margin-top:0;margin-bottom:0;padding-top:var(--wp--preset--spacing--70);padding-bottom:var(--wp--preset--spacing--70)\">\n<h2 class=\"wp-block-heading has-text-align-center ext-animate--on\">Clear strategies for long-term business success<\/h2>\n\n\n\n<p class=\"has-text-align-center ext-animate--on\" style=\"margin-top:1.5rem\">Frank Senner Consulting enables leaders to achieve sustainable growth through focused strategies and effective collaboration. Our mission is to bring clarity, alignment, and execution strength to organizations.<\/p>\n\n\n\n<div class=\"wp-block-columns alignwide is-layout-flex wp-container-core-columns-is-layout-28f84493 wp-block-columns-is-layout-flex\">\n<div class=\"wp-block-column ext-animate--on is-layout-flow wp-block-column-is-layout-flow\">\n<figure class=\"wp-block-image is-style-ext-preset-image-natural-1-image-1--content-bottom is-style-ext-preset--image--natural-1--image-1--content-bottom is-style-ext-preset--image--natural-1--image-1--content-bottom--2\"><img loading=\"lazy\" decoding=\"async\" width=\"1440\" height=\"960\" src=\"https:\/\/franksennerconsulting.com\/wp-content\/uploads\/2026\/03\/eac8975f67b09d03365c36f8dfee7cb5f8c13a84.jpg\" alt=\"\" class=\"wp-image-41\" style=\"aspect-ratio:3\/4;object-fit:cover\" srcset=\"https:\/\/franksennerconsulting.com\/wp-content\/uploads\/2026\/03\/eac8975f67b09d03365c36f8dfee7cb5f8c13a84.jpg 1440w, https:\/\/franksennerconsulting.com\/wp-content\/uploads\/2026\/03\/eac8975f67b09d03365c36f8dfee7cb5f8c13a84-300x200.jpg 300w, https:\/\/franksennerconsulting.com\/wp-content\/uploads\/2026\/03\/eac8975f67b09d03365c36f8dfee7cb5f8c13a84-1024x683.jpg 1024w, https:\/\/franksennerconsulting.com\/wp-content\/uploads\/2026\/03\/eac8975f67b09d03365c36f8dfee7cb5f8c13a84-768x512.jpg 768w, https:\/\/franksennerconsulting.com\/wp-content\/uploads\/2026\/03\/eac8975f67b09d03365c36f8dfee7cb5f8c13a84-18x12.jpg 18w\" sizes=\"auto, (max-width: 1440px) 100vw, 1440px\" \/><\/figure>\n<\/div>\n\n\n\n<div class=\"wp-block-column ext-animate--on is-layout-flow wp-block-column-is-layout-flow\">\n<figure class=\"wp-block-image is-style-ext-preset-image-natural-1-image-1--content-bottom is-style-ext-preset--image--natural-1--image-1--content-bottom is-style-ext-preset--image--natural-1--image-1--content-bottom--3\"><img loading=\"lazy\" decoding=\"async\" width=\"1440\" height=\"960\" src=\"https:\/\/franksennerconsulting.com\/wp-content\/uploads\/2026\/03\/488b116447e1bc0c6d73fe30a88445cea710e18b.jpg\" alt=\"\" class=\"wp-image-49\" style=\"aspect-ratio:3\/4;object-fit:cover\" srcset=\"https:\/\/franksennerconsulting.com\/wp-content\/uploads\/2026\/03\/488b116447e1bc0c6d73fe30a88445cea710e18b.jpg 1440w, https:\/\/franksennerconsulting.com\/wp-content\/uploads\/2026\/03\/488b116447e1bc0c6d73fe30a88445cea710e18b-300x200.jpg 300w, https:\/\/franksennerconsulting.com\/wp-content\/uploads\/2026\/03\/488b116447e1bc0c6d73fe30a88445cea710e18b-1024x683.jpg 1024w, https:\/\/franksennerconsulting.com\/wp-content\/uploads\/2026\/03\/488b116447e1bc0c6d73fe30a88445cea710e18b-768x512.jpg 768w, https:\/\/franksennerconsulting.com\/wp-content\/uploads\/2026\/03\/488b116447e1bc0c6d73fe30a88445cea710e18b-18x12.jpg 18w\" sizes=\"auto, (max-width: 1440px) 100vw, 1440px\" \/><\/figure>\n<\/div>\n\n\n\n<div class=\"wp-block-column ext-animate--on is-layout-flow wp-block-column-is-layout-flow\">\n<figure class=\"wp-block-image is-style-ext-preset-image-natural-1-image-1--content-bottom is-style-ext-preset--image--natural-1--image-1--content-bottom is-style-ext-preset--image--natural-1--image-1--content-bottom--4\"><img loading=\"lazy\" decoding=\"async\" width=\"1440\" height=\"961\" src=\"https:\/\/franksennerconsulting.com\/wp-content\/uploads\/2026\/03\/f9c607a29707d16c8f189179258d8a55382d9b2b.jpg\" alt=\"\" class=\"wp-image-50\" style=\"aspect-ratio:3\/4;object-fit:cover\" srcset=\"https:\/\/franksennerconsulting.com\/wp-content\/uploads\/2026\/03\/f9c607a29707d16c8f189179258d8a55382d9b2b.jpg 1440w, https:\/\/franksennerconsulting.com\/wp-content\/uploads\/2026\/03\/f9c607a29707d16c8f189179258d8a55382d9b2b-300x200.jpg 300w, https:\/\/franksennerconsulting.com\/wp-content\/uploads\/2026\/03\/f9c607a29707d16c8f189179258d8a55382d9b2b-1024x683.jpg 1024w, https:\/\/franksennerconsulting.com\/wp-content\/uploads\/2026\/03\/f9c607a29707d16c8f189179258d8a55382d9b2b-768x513.jpg 768w, https:\/\/franksennerconsulting.com\/wp-content\/uploads\/2026\/03\/f9c607a29707d16c8f189179258d8a55382d9b2b-18x12.jpg 18w\" sizes=\"auto, (max-width: 1440px) 100vw, 1440px\" \/><\/figure>\n<\/div>\n<\/div>\n<\/div>\n\n\n\n<div class=\"wp-block-group alignfull is-style-ext-preset--group--natural-1--section has-tertiary-background-color has-background has-global-padding is-layout-constrained wp-container-core-group-is-layout-e955bbaf wp-block-group-is-layout-constrained\" id=\"team\" style=\"margin-top:0;margin-bottom:0;padding-top:var(--wp--preset--spacing--70);padding-bottom:var(--wp--preset--spacing--70)\">\n<h2 class=\"wp-block-heading has-text-align-center ext-animate--on\">Strategic excellence for leadership teams<\/h2>\n\n\n\n<p class=\"has-text-align-center ext-animate--on\" style=\"margin-top:1.5rem\">Our team brings together experienced experts who guide companies toward targeted growth.<\/p>\n\n\n\n<div class=\"wp-block-columns alignwide is-layout-flex wp-container-core-columns-is-layout-08c01c1c wp-block-columns-is-layout-flex\">\n<div class=\"wp-block-column is-vertically-aligned-stretch ext-animate--on is-layout-flow wp-block-column-is-layout-flow\">\n<div class=\"wp-block-group is-style-ext-preset--group--natural-1--item-card-1--align-center has-global-padding is-layout-constrained wp-block-group-is-layout-constrained is-style-ext-preset--group--natural-1--item-card-1--align-center--6\">\n<figure class=\"wp-block-image size-large\"><img loading=\"lazy\" decoding=\"async\" width=\"1024\" height=\"1010\" src=\"https:\/\/franksennerconsulting.com\/wp-content\/uploads\/2026\/03\/IMG_1704-1024x1010.jpg\" alt=\"\" class=\"wp-image-153\" style=\"aspect-ratio:1;object-fit:cover\" srcset=\"https:\/\/franksennerconsulting.com\/wp-content\/uploads\/2026\/03\/IMG_1704-1024x1010.jpg 1024w, https:\/\/franksennerconsulting.com\/wp-content\/uploads\/2026\/03\/IMG_1704-300x296.jpg 300w, https:\/\/franksennerconsulting.com\/wp-content\/uploads\/2026\/03\/IMG_1704-768x757.jpg 768w, https:\/\/franksennerconsulting.com\/wp-content\/uploads\/2026\/03\/IMG_1704-12x12.jpg 12w, https:\/\/franksennerconsulting.com\/wp-content\/uploads\/2026\/03\/IMG_1704.jpg 1282w\" sizes=\"auto, (max-width: 1024px) 100vw, 1024px\" \/><\/figure>\n\n\n\n<div class=\"wp-block-group is-style-default has-global-padding is-layout-constrained wp-block-group-is-layout-constrained\">\n<h3 class=\"wp-block-heading\" style=\"font-size:clamp(14px, 0.875rem + ((1vw - 3.2px) * 0.625), 20px);\">Frank Senner<\/h3>\n\n\n\n<p style=\"margin-top:0;margin-bottom:0;font-size:clamp(14px, 0.875rem + ((1vw - 3.2px) * 0.417), 18px);\">Managing Director<\/p>\n\n\n\n<p>He has many years of experience in strategy development and executive coaching.<\/p>\n\n\n\n<ul class=\"wp-block-social-links has-normal-icon-size has-icon-color is-style-logos-only is-content-justification-center is-layout-flex wp-container-core-social-links-is-layout-4ee90c78 wp-block-social-links-is-layout-flex\" style=\"margin-top:24px\"><li style=\"color:#0B0620;\" class=\"wp-social-link wp-social-link-linkedin has-foreground-color wp-block-social-link\"><a href=\"https:\/\/www.linkedin.com\/in\/frank-senner-291211186\/\" class=\"wp-block-social-link-anchor\"><svg width=\"24\" height=\"24\" viewbox=\"0 0 24 24\" version=\"1.1\" xmlns=\"http:\/\/www.w3.org\/2000\/svg\" aria-hidden=\"true\" focusable=\"false\"><path d=\"M19.7,3H4.3C3.582,3,3,3.582,3,4.3v15.4C3,20.418,3.582,21,4.3,21h15.4c0.718,0,1.3-0.582,1.3-1.3V4.3 C21,3.582,20.418,3,19.7,3z M8.339,18.338H5.667v-8.59h2.672V18.338z M7.004,8.574c-0.857,0-1.549-0.694-1.549-1.548 c0-0.855,0.691-1.548,1.549-1.548c0.854,0,1.547,0.694,1.547,1.548C8.551,7.881,7.858,8.574,7.004,8.574z M18.339,18.338h-2.669 v-4.177c0-0.996-0.017-2.278-1.387-2.278c-1.389,0-1.601,1.086-1.601,2.206v4.249h-2.667v-8.59h2.559v1.174h0.037 c0.356-0.675,1.227-1.387,2.526-1.387c2.703,0,3.203,1.779,3.203,4.092V18.338z\"><\/path><\/svg><span class=\"wp-block-social-link-label screen-reader-text\">LinkedIn<\/span><\/a><\/li><\/ul>\n<\/div>\n<\/div>\n<\/div>\n\n\n\n<div class=\"wp-block-column is-vertically-aligned-stretch ext-animate--on is-layout-flow wp-block-column-is-layout-flow\">\n<div class=\"wp-block-group is-style-ext-preset--group--natural-1--item-card-1--align-center has-global-padding is-layout-constrained wp-block-group-is-layout-constrained is-style-ext-preset--group--natural-1--item-card-1--align-center--7\">\n<div class=\"wp-block-group is-style-default has-global-padding is-layout-constrained wp-block-group-is-layout-constrained\"><\/div>\n<\/div>\n<\/div>\n\n\n\n<div class=\"wp-block-column is-vertically-aligned-stretch ext-animate--on is-layout-flow wp-block-column-is-layout-flow\">\n<div class=\"wp-block-group is-style-ext-preset--group--natural-1--item-card-1--align-center has-global-padding is-layout-constrained wp-block-group-is-layout-constrained is-style-ext-preset--group--natural-1--item-card-1--align-center--8\">\n<div class=\"wp-block-group is-style-default has-global-padding is-layout-constrained wp-block-group-is-layout-constrained\"><\/div>\n<\/div>\n<\/div>\n<\/div>\n<\/div>\n\n\n\n<div class=\"wp-block-group alignfull is-style-ext-preset--group--natural-1--section has-background-background-color has-background has-global-padding is-layout-constrained wp-container-core-group-is-layout-e955bbaf wp-block-group-is-layout-constrained\" style=\"margin-top:0;margin-bottom:0;padding-top:var(--wp--preset--spacing--70);padding-bottom:var(--wp--preset--spacing--70)\">\n<div class=\"wp-block-group alignwide ext-is-logical-start has-global-padding is-content-justification-left is-layout-constrained wp-container-core-group-is-layout-6729bdbe wp-block-group-is-layout-constrained\">\n<h2 class=\"wp-block-heading ext-animate--on\">Growth and leadership for global companies<\/h2>\n\n\n\n<p class=\"has-text-align-left ext-animate--on\">Our results demonstrate clear success in strategy development and team performance.<\/p>\n<\/div>\n\n\n\n<div class=\"wp-block-columns alignwide is-layout-flex wp-container-core-columns-is-layout-174606dc wp-block-columns-is-layout-flex\">\n<div class=\"wp-block-column is-vertically-aligned-stretch ext-animate--on is-layout-flow wp-container-core-column-is-layout-119bc444 wp-block-column-is-layout-flow\">\n<div class=\"wp-block-cover is-style-ext-preset--image--natural-1--image-1--content-bottom is-style-ext-preset--image--natural-1--image-1--content-bottom--10\" style=\"padding-top:0;padding-bottom:0;min-height:100%;aspect-ratio:unset;\"><img loading=\"lazy\" decoding=\"async\" width=\"1440\" height=\"960\" class=\"wp-block-cover__image-background wp-image-45\" alt=\"\" src=\"https:\/\/franksennerconsulting.com\/wp-content\/uploads\/2026\/03\/a5e21d68818ebe25d156d310e28376ee11a4fc2d.jpg\" data-object-fit=\"cover\" srcset=\"https:\/\/franksennerconsulting.com\/wp-content\/uploads\/2026\/03\/a5e21d68818ebe25d156d310e28376ee11a4fc2d.jpg 1440w, https:\/\/franksennerconsulting.com\/wp-content\/uploads\/2026\/03\/a5e21d68818ebe25d156d310e28376ee11a4fc2d-300x200.jpg 300w, https:\/\/franksennerconsulting.com\/wp-content\/uploads\/2026\/03\/a5e21d68818ebe25d156d310e28376ee11a4fc2d-1024x683.jpg 1024w, https:\/\/franksennerconsulting.com\/wp-content\/uploads\/2026\/03\/a5e21d68818ebe25d156d310e28376ee11a4fc2d-768x512.jpg 768w, https:\/\/franksennerconsulting.com\/wp-content\/uploads\/2026\/03\/a5e21d68818ebe25d156d310e28376ee11a4fc2d-18x12.jpg 18w\" sizes=\"auto, (max-width: 1440px) 100vw, 1440px\" \/><span aria-hidden=\"true\" class=\"wp-block-cover__background has-background-dim-0 has-background-dim\"><\/span><div class=\"wp-block-cover__inner-container is-layout-flow wp-block-cover-is-layout-flow\">\n<div style=\"height:240px\" aria-hidden=\"true\" class=\"wp-block-spacer\"><\/div>\n<\/div><\/div>\n<\/div>\n\n\n\n<div class=\"wp-block-column is-vertically-aligned-center is-layout-flow wp-block-column-is-layout-flow\">\n<div class=\"wp-block-columns is-layout-flex wp-container-core-columns-is-layout-87beb0d0 wp-block-columns-is-layout-flex\">\n<div class=\"wp-block-column is-vertically-aligned-stretch ext-animate--on is-layout-flow wp-block-column-is-layout-flow\">\n<div class=\"wp-block-group is-style-ext-preset--group--natural-1--item-card-1--align-start has-global-padding is-layout-constrained wp-block-group-is-layout-constrained is-style-ext-preset--group--natural-1--item-card-1--align-start--11\">\n<div class=\"wp-block-group is-style-default has-global-padding is-layout-constrained wp-block-group-is-layout-constrained\">\n<h3 class=\"wp-block-heading has-primary-color has-text-color has-link-color has-x-large-font-size wp-elements-cbfb11b1fa5d5a88be1c37e8880e1155\">85<\/h3>\n\n\n\n<h3 class=\"wp-block-heading\">Strategy projects<\/h3>\n\n\n\n<p>We have successfully delivered 85 tailored growth strategies.<\/p>\n<\/div>\n<\/div>\n<\/div>\n\n\n\n<div class=\"wp-block-column is-vertically-aligned-stretch ext-animate--on is-layout-flow wp-block-column-is-layout-flow\">\n<div class=\"wp-block-group is-style-ext-preset--group--natural-1--item-card-1--align-start has-global-padding is-layout-constrained wp-block-group-is-layout-constrained is-style-ext-preset--group--natural-1--item-card-1--align-start--12\">\n<div class=\"wp-block-group is-style-default has-global-padding is-layout-constrained wp-block-group-is-layout-constrained\">\n<h3 class=\"wp-block-heading has-primary-color has-text-color has-link-color has-x-large-font-size wp-elements-66deaa7cca9f7f5ed87d65de6b88e430\">150<\/h3>\n\n\n\n<h3 class=\"wp-block-heading\">Leadership workshops<\/h3>\n\n\n\n<p>150 leadership teams have improved their collaboration through our programs.<\/p>\n<\/div>\n<\/div>\n<\/div>\n<\/div>\n\n\n\n<div class=\"wp-block-columns is-layout-flex wp-container-core-columns-is-layout-87beb0d0 wp-block-columns-is-layout-flex\">\n<div class=\"wp-block-column is-vertically-aligned-stretch ext-animate--on is-layout-flow wp-block-column-is-layout-flow\">\n<div class=\"wp-block-group is-style-ext-preset--group--natural-1--item-card-1--align-start has-global-padding is-layout-constrained wp-block-group-is-layout-constrained is-style-ext-preset--group--natural-1--item-card-1--align-start--13\">\n<div class=\"wp-block-group is-style-default has-global-padding is-layout-constrained wp-block-group-is-layout-constrained\">\n<h3 class=\"wp-block-heading has-primary-color has-text-color has-link-color has-x-large-font-size wp-elements-7e739fd8e4a703acb13bb076da3c8b87\">95<\/h3>\n\n\n\n<h3 class=\"wp-block-heading\">International clients<\/h3>\n\n\n\n<p>95 companies from Switzerland and abroad trust our consulting.<\/p>\n<\/div>\n<\/div>\n<\/div>\n\n\n\n<div class=\"wp-block-column is-vertically-aligned-stretch ext-animate--on is-layout-flow wp-block-column-is-layout-flow\">\n<div class=\"wp-block-group is-style-ext-preset--group--natural-1--item-card-1--align-start has-global-padding is-layout-constrained wp-block-group-is-layout-constrained is-style-ext-preset--group--natural-1--item-card-1--align-start--14\">\n<div class=\"wp-block-group is-style-default has-global-padding is-layout-constrained wp-block-group-is-layout-constrained\">\n<h3 class=\"wp-block-heading has-primary-color has-text-color has-link-color has-x-large-font-size wp-elements-d197335231730b8eeeeac161e75a2ee1\">1200<\/h3>\n\n\n\n<h3 class=\"wp-block-heading\">Successful implementations<\/h3>\n\n\n\n<p>Over 1,200 strategic initiatives have been effectively implemented with our clients.<\/p>\n<\/div>\n<\/div>\n<\/div>\n<\/div>\n<\/div>\n<\/div>\n<\/div>","protected":false},"excerpt":{"rendered":"<p>Klare Strategien f\u00fcr langfristigen Gesch\u00e4ftserfolg Frank Senner Consulting unterst\u00fctzt F\u00fchrungskr\u00e4fte dabei, nachhaltiges Wachstum durch fokussierte Strategien und effektive Zusammenarbeit zu erreichen. Unsere Mission ist es, Unternehmen Klarheit, Ausrichtung und Umsetzungskraft zu verleihen. Strategische Exzellenz f\u00fcr F\u00fchrungsteams Unser Team vereint erfahrene Experten, die Unternehmen gezielt zum Wachstum f\u00fchren. Frank Senner Gesch\u00e4ftsf\u00fchrer Er verf\u00fcgt \u00fcber langj\u00e4hrige Erfahrung [&hellip;]<\/p>\n","protected":false},"author":1,"featured_media":0,"parent":0,"menu_order":0,"comment_status":"closed","ping_status":"closed","template":"page-with-title","meta":{"footnotes":""},"class_list":["post-28","page","type-page","status-publish","hentry"],"_links":{"self":[{"href":"https:\/\/franksennerconsulting.com\/en\/wp-json\/wp\/v2\/pages\/28","targetHints":{"allow":["GET"]}}],"collection":[{"href":"https:\/\/franksennerconsulting.com\/en\/wp-json\/wp\/v2\/pages"}],"about":[{"href":"https:\/\/franksennerconsulting.com\/en\/wp-json\/wp\/v2\/types\/page"}],"author":[{"embeddable":true,"href":"https:\/\/franksennerconsulting.com\/en\/wp-json\/wp\/v2\/users\/1"}],"replies":[{"embeddable":true,"href":"https:\/\/franksennerconsulting.com\/en\/wp-json\/wp\/v2\/comments?post=28"}],"version-history":[{"count":10,"href":"https:\/\/franksennerconsulting.com\/en\/wp-json\/wp\/v2\/pages\/28\/revisions"}],"predecessor-version":[{"id":163,"href":"https:\/\/franksennerconsulting.com\/en\/wp-json\/wp\/v2\/pages\/28\/revisions\/163"}],"wp:attachment":[{"href":"https:\/\/franksennerconsulting.com\/en\/wp-json\/wp\/v2\/media?parent=28"}],"curies":[{"name":"wp","href":"https:\/\/api.w.org\/{rel}","templated":true}]}}